{"id":847,"date":"2025-11-04T11:06:11","date_gmt":"2025-11-04T11:06:11","guid":{"rendered":"https:\/\/ultimatescooterhiretenerife.com\/politica-de-reembolso\/"},"modified":"2026-01-13T12:51:43","modified_gmt":"2026-01-13T12:51:43","slug":"politica-de-reembolso","status":"publish","type":"page","link":"https:\/\/ultimatescooterhiretenerife.com\/es\/politica-de-reembolso\/","title":{"rendered":"Pol\u00edtica de reembolso"},"content":{"rendered":"\t\t<div data-elementor-type=\"wp-page\" data-elementor-id=\"847\" class=\"elementor elementor-847 elementor-172\" data-elementor-post-type=\"page\">\n\t\t\t\t<div class=\"elementor-element elementor-element-51a9d45 e-flex e-con-boxed e-con e-parent\" data-id=\"51a9d45\" data-element_type=\"container\" data-e-type=\"container\" data-settings=\"{&quot;background_background&quot;:&quot;classic&quot;}\">\n\t\t\t\t\t<div class=\"e-con-inner\">\n\t\t<div class=\"elementor-element elementor-element-33a36e9 e-con-full e-flex e-con e-child\" data-id=\"33a36e9\" data-element_type=\"container\" data-e-type=\"container\">\n\t\t\t\t<div class=\"elementor-element elementor-element-2fbb0db elementor-invisible elementor-widget elementor-widget-heading\" data-id=\"2fbb0db\" data-element_type=\"widget\" data-e-type=\"widget\" data-settings=\"{&quot;_animation&quot;:&quot;slideInDown&quot;}\" data-widget_type=\"heading.default\">\n\t\t\t\t\t<h1 class=\"elementor-heading-title elementor-size-default\">Pol\u00edtica de reembolso<\/h1>\t\t\t\t<\/div>\n\t\t\t\t<\/div>\n\t\t\t\t\t<\/div>\n\t\t\t\t<\/div>\n\t\t<div class=\"elementor-element elementor-element-24e408c e-flex e-con-boxed e-con e-parent\" data-id=\"24e408c\" data-element_type=\"container\" data-e-type=\"container\">\n\t\t\t\t\t<div class=\"e-con-inner\">\n\t\t\t\t<div class=\"elementor-element elementor-element-b8e7f8a elementor-widget elementor-widget-text-editor\" data-id=\"b8e7f8a\" data-element_type=\"widget\" data-e-type=\"widget\" data-widget_type=\"text-editor.default\">\n\t\t\t\t\t\t\t\t\t<section class=\"elementor-section elementor-top-section elementor-element elementor-element-ca74981 elementor-section-boxed elementor-section-height-default elementor-section-height-default\" data-id=\"ca74981\" data-element_type=\"section\">\n<div class=\"elementor-container elementor-column-gap-default\">\n<div class=\"elementor-column elementor-col-100 elementor-top-column elementor-element elementor-element-63c2af7\" data-id=\"63c2af7\" data-element_type=\"column\">\n<div class=\"elementor-widget-wrap elementor-element-populated\">\n<div class=\"elementor-element elementor-element-db15cf1 elementor-widget elementor-widget-text-editor\" data-id=\"db15cf1\" data-element_type=\"widget\" data-widget_type=\"text-editor.default\">\n<div class=\"elementor-widget-container\">\n<h3><strong>Cambios y cancelaciones por parte del proveedor<\/strong><\/h3>\n<p>En raras ocasiones, podr\u00eda ser necesario que un proveedor modifique o cancele ciertos planes o entradas. Nos reservamos el derecho a modificar o cancelar planes o entradas (o a hacerlo en nombre de un proveedor\/colaborador) en cualquier momento. Nuestras obligaciones en materia de cambios y cancelaciones var\u00edan seg\u00fan el tipo de reserva que haya realizado:<br>Dado que su contrato para la prestaci\u00f3n de servicios de actividades\/experiencias es con el proveedor\/colaborador, no tendremos ninguna responsabilidad en relaci\u00f3n con los cambios o cancelaciones de estos servicios, salvo informarle lo antes posible sobre cualquier cambio o cancelaci\u00f3n que pueda afectarle y que nos notifique el proveedor\/colaborador en cuesti\u00f3n. Tambi\u00e9n nos pondremos en contacto con usted y el proveedor\/colaborador en relaci\u00f3n con cualquier plan alternativo que puedan ofrecer.<br>Lo anterior establece el alcance m\u00e1ximo de nuestra responsabilidad por cambios y cancelaciones, y lamentamos no poder cubrir los gastos o p\u00e9rdidas que pueda sufrir como resultado de cualquier cambio o cancelaci\u00f3n. Las opciones anteriores no estar\u00e1n disponibles si realizamos un cambio menor o cancelamos debido a que usted no realiz\u00f3 el pago completo a tiempo, o si el cambio o la cancelaci\u00f3n se deben a modificaciones a la reserva confirmada que usted solicit\u00f3.<br>En muy raras ocasiones, una vez iniciados sus planes, nosotros o su(s) proveedor(es) podr\u00edamos vernos obligados por Fuerza Mayor a cambiar o cancelar parte o la totalidad de sus planes. Si esto ocurre, lamentamos informarle que ni nosotros ni su(s) proveedor(es) podremos reembolsarle, pagarle ninguna compensaci\u00f3n ni cubrir las p\u00e9rdidas o gastos en los que incurra como resultado. Intentaremos ayudarle a encontrar alternativas, pero usted deber\u00e1 pagar cualquier coste adicional o asociado que se derive de dichas alternativas.      <\/p>\n<h3>Fuerza mayor<\/h3>\n<p>Salvo que se indique expresamente lo contrario en las condiciones de reserva, no seremos responsables ni le pagaremos ninguna compensaci\u00f3n si nuestras obligaciones contractuales con usted se ven afectadas por cualquier evento que nosotros o el proveedor\/los socios en cuesti\u00f3n no pudi\u00e9ramos prever o evitar, incluso con la debida diligencia. Estos eventos pueden incluir, entre otros, guerra, amenaza de guerra, conflictos civiles, actividad terrorista y sus consecuencias o la amenaza de dicha actividad, disturbios, actos de cualquier gobierno u otra autoridad nacional o local, incluyendo conflictos laborales, desastres naturales o nucleares, incendios, desastres qu\u00edmicos o biol\u00f3gicos, condiciones clim\u00e1ticas adversas y cualquier evento similar fuera de nuestro control o del control del\/de los proveedor(es) en cuesti\u00f3n. En caso de cancelaci\u00f3n de una actividad mar\u00edtima o a\u00e9rea debido a condiciones clim\u00e1ticas adversas, se ofrecer\u00e1 una fecha y hora alternativas.  <\/p>\n<h3>Tu comportamiento<\/h3>\n<p>If in the opinion of any person in authority, your behaviour is causing or is likely to cause distress, danger, damage or annoyance to any third party or property, or to cause a delay or diversion to transportation, the supplier reserves the right to terminate your arrangements immediately. In the event of such termination our responsibilities to you will cease and you will be required to leave the activity\/experience immediately. We will have no further obligations to you and will not meet any expenses, costs or losses incurred as a result. You may also be required to pay for loss and\/or damage caused by your actions directly to the supplier prior to departure from the service. If you fail to do so, you will be responsible for meeting any claims and costs subsequently made against us as a result.    <\/p>\n<h3>Seguro<\/h3>\n<p>Es condici\u00f3n indispensable que cuente con un seguro de viaje adecuado para sus planes. Dicho seguro debe cubrir, como m\u00ednimo, las p\u00e9rdidas sufridas por cancelaci\u00f3n, problemas m\u00e9dicos y repatriaci\u00f3n en caso de accidente o enfermedad. Si decide viajar sin un seguro adecuado, no nos responsabilizaremos de ninguna de sus p\u00e9rdidas, independientemente de su origen, para las cuales, de otro modo, habr\u00eda tenido cobertura.  <\/p>\n<h3>Pol\u00edtica de cancelaci\u00f3n: duraci\u00f3n y montos<\/h3>\n<p>Cancelaci\u00f3n con m\u00e1s de un mes de antelaci\u00f3n: reembolso completo.<br>Cancelaci\u00f3n con menos de un mes de antelaci\u00f3n: reembolso del 50 %.<br>Cancelaci\u00f3n con 14 d\u00edas de antelaci\u00f3n: sin reembolso.<\/p>\n<\/div>\n<\/div>\n<\/div>\n<\/div>\n<\/div>\n<\/section>\t\t\t\t\t\t\t\t<\/div>\n\t\t\t\t\t<\/div>\n\t\t\t\t<\/div>\n\t\t\t\t<\/div>\n\t\t","protected":false},"excerpt":{"rendered":"<p>Pol\u00edtica de reembolso Cambios y cancelaciones por parte del proveedor En raras ocasiones, podr\u00eda ser necesario que un proveedor modifique o cancele ciertos planes o entradas. Nos reservamos el derecho a modificar o cancelar planes o entradas (o a hacerlo en nombre de un proveedor\/colaborador) en cualquier momento. Nuestras obligaciones en materia de cambios y [&hellip;]<\/p>\n","protected":false},"author":1,"featured_media":0,"parent":0,"menu_order":0,"comment_status":"closed","ping_status":"closed","template":"","meta":{"footnotes":""},"class_list":["post-847","page","type-page","status-publish","hentry"],"yoast_head":"<!-- This site is optimized with the Yoast SEO plugin v27.4 - https:\/\/yoast.com\/product\/yoast-seo-wordpress\/ -->\n<title>Pol\u00edtica de reembolso - Ultimate Scooter Hire Tenerife<\/title>\n<meta name=\"robots\" content=\"index, follow, max-snippet:-1, max-image-preview:large, max-video-preview:-1\" \/>\n<link rel=\"canonical\" href=\"https:\/\/ultimatescooterhiretenerife.com\/es\/politica-de-reembolso\/\" \/>\n<meta property=\"og:locale\" content=\"es_ES\" \/>\n<meta property=\"og:type\" content=\"article\" \/>\n<meta property=\"og:title\" content=\"Pol\u00edtica de reembolso - Ultimate Scooter Hire Tenerife\" \/>\n<meta property=\"og:description\" content=\"Pol\u00edtica de reembolso Cambios y cancelaciones por parte del proveedor En raras ocasiones, podr\u00eda ser necesario que un proveedor modifique o cancele ciertos planes o entradas. Nos reservamos el derecho a modificar o cancelar planes o entradas (o a hacerlo en nombre de un proveedor\/colaborador) en cualquier momento. Nuestras obligaciones en materia de cambios y [&hellip;]\" \/>\n<meta property=\"og:url\" content=\"https:\/\/ultimatescooterhiretenerife.com\/es\/politica-de-reembolso\/\" \/>\n<meta property=\"og:site_name\" content=\"Ultimate Scooter Hire Tenerife\" \/>\n<meta property=\"article:modified_time\" content=\"2026-01-13T12:51:43+00:00\" \/>\n<meta name=\"twitter:card\" content=\"summary_large_image\" \/>\n<meta name=\"twitter:label1\" content=\"Tiempo de lectura\" \/>\n\t<meta name=\"twitter:data1\" content=\"4 minutos\" \/>\n<script type=\"application\/ld+json\" class=\"yoast-schema-graph\">{\"@context\":\"https:\\\/\\\/schema.org\",\"@graph\":[{\"@type\":\"WebPage\",\"@id\":\"https:\\\/\\\/ultimatescooterhiretenerife.com\\\/es\\\/politica-de-reembolso\\\/\",\"url\":\"https:\\\/\\\/ultimatescooterhiretenerife.com\\\/es\\\/politica-de-reembolso\\\/\",\"name\":\"Pol\u00edtica de reembolso - Ultimate Scooter Hire Tenerife\",\"isPartOf\":{\"@id\":\"https:\\\/\\\/ultimatescooterhiretenerife.com\\\/es\\\/#website\"},\"datePublished\":\"2025-11-04T11:06:11+00:00\",\"dateModified\":\"2026-01-13T12:51:43+00:00\",\"breadcrumb\":{\"@id\":\"https:\\\/\\\/ultimatescooterhiretenerife.com\\\/es\\\/politica-de-reembolso\\\/#breadcrumb\"},\"inLanguage\":\"es\",\"potentialAction\":[{\"@type\":\"ReadAction\",\"target\":[\"https:\\\/\\\/ultimatescooterhiretenerife.com\\\/es\\\/politica-de-reembolso\\\/\"]}]},{\"@type\":\"BreadcrumbList\",\"@id\":\"https:\\\/\\\/ultimatescooterhiretenerife.com\\\/es\\\/politica-de-reembolso\\\/#breadcrumb\",\"itemListElement\":[{\"@type\":\"ListItem\",\"position\":1,\"name\":\"Home\",\"item\":\"https:\\\/\\\/ultimatescooterhiretenerife.com\\\/es\\\/\"},{\"@type\":\"ListItem\",\"position\":2,\"name\":\"Pol\u00edtica de reembolso\"}]},{\"@type\":\"WebSite\",\"@id\":\"https:\\\/\\\/ultimatescooterhiretenerife.com\\\/es\\\/#website\",\"url\":\"https:\\\/\\\/ultimatescooterhiretenerife.com\\\/es\\\/\",\"name\":\"Ultimate Scooter Hire Tenerife\",\"description\":\"\",\"publisher\":{\"@id\":\"https:\\\/\\\/ultimatescooterhiretenerife.com\\\/es\\\/#organization\"},\"potentialAction\":[{\"@type\":\"SearchAction\",\"target\":{\"@type\":\"EntryPoint\",\"urlTemplate\":\"https:\\\/\\\/ultimatescooterhiretenerife.com\\\/es\\\/?s={search_term_string}\"},\"query-input\":{\"@type\":\"PropertyValueSpecification\",\"valueRequired\":true,\"valueName\":\"search_term_string\"}}],\"inLanguage\":\"es\"},{\"@type\":\"Organization\",\"@id\":\"https:\\\/\\\/ultimatescooterhiretenerife.com\\\/es\\\/#organization\",\"name\":\"Ultimate Scooter Hire Tenerife\",\"url\":\"https:\\\/\\\/ultimatescooterhiretenerife.com\\\/es\\\/\",\"logo\":{\"@type\":\"ImageObject\",\"inLanguage\":\"es\",\"@id\":\"https:\\\/\\\/ultimatescooterhiretenerife.com\\\/es\\\/#\\\/schema\\\/logo\\\/image\\\/\",\"url\":\"https:\\\/\\\/ultimatescooterhiretenerife.com\\\/wp-content\\\/uploads\\\/2025\\\/11\\\/logo-scooter-white-green.png\",\"contentUrl\":\"https:\\\/\\\/ultimatescooterhiretenerife.com\\\/wp-content\\\/uploads\\\/2025\\\/11\\\/logo-scooter-white-green.png\",\"width\":950,\"height\":759,\"caption\":\"Ultimate Scooter Hire Tenerife\"},\"image\":{\"@id\":\"https:\\\/\\\/ultimatescooterhiretenerife.com\\\/es\\\/#\\\/schema\\\/logo\\\/image\\\/\"}}]}<\/script>\n<!-- \/ Yoast SEO plugin. -->","yoast_head_json":{"title":"Pol\u00edtica de reembolso - Ultimate Scooter Hire Tenerife","robots":{"index":"index","follow":"follow","max-snippet":"max-snippet:-1","max-image-preview":"max-image-preview:large","max-video-preview":"max-video-preview:-1"},"canonical":"https:\/\/ultimatescooterhiretenerife.com\/es\/politica-de-reembolso\/","og_locale":"es_ES","og_type":"article","og_title":"Pol\u00edtica de reembolso - Ultimate Scooter Hire Tenerife","og_description":"Pol\u00edtica de reembolso Cambios y cancelaciones por parte del proveedor En raras ocasiones, podr\u00eda ser necesario que un proveedor modifique o cancele ciertos planes o entradas. Nos reservamos el derecho a modificar o cancelar planes o entradas (o a hacerlo en nombre de un proveedor\/colaborador) en cualquier momento. Nuestras obligaciones en materia de cambios y [&hellip;]","og_url":"https:\/\/ultimatescooterhiretenerife.com\/es\/politica-de-reembolso\/","og_site_name":"Ultimate Scooter Hire Tenerife","article_modified_time":"2026-01-13T12:51:43+00:00","twitter_card":"summary_large_image","twitter_misc":{"Tiempo de lectura":"4 minutos"},"schema":{"@context":"https:\/\/schema.org","@graph":[{"@type":"WebPage","@id":"https:\/\/ultimatescooterhiretenerife.com\/es\/politica-de-reembolso\/","url":"https:\/\/ultimatescooterhiretenerife.com\/es\/politica-de-reembolso\/","name":"Pol\u00edtica de reembolso - Ultimate Scooter Hire Tenerife","isPartOf":{"@id":"https:\/\/ultimatescooterhiretenerife.com\/es\/#website"},"datePublished":"2025-11-04T11:06:11+00:00","dateModified":"2026-01-13T12:51:43+00:00","breadcrumb":{"@id":"https:\/\/ultimatescooterhiretenerife.com\/es\/politica-de-reembolso\/#breadcrumb"},"inLanguage":"es","potentialAction":[{"@type":"ReadAction","target":["https:\/\/ultimatescooterhiretenerife.com\/es\/politica-de-reembolso\/"]}]},{"@type":"BreadcrumbList","@id":"https:\/\/ultimatescooterhiretenerife.com\/es\/politica-de-reembolso\/#breadcrumb","itemListElement":[{"@type":"ListItem","position":1,"name":"Home","item":"https:\/\/ultimatescooterhiretenerife.com\/es\/"},{"@type":"ListItem","position":2,"name":"Pol\u00edtica de reembolso"}]},{"@type":"WebSite","@id":"https:\/\/ultimatescooterhiretenerife.com\/es\/#website","url":"https:\/\/ultimatescooterhiretenerife.com\/es\/","name":"Ultimate Scooter Hire Tenerife","description":"","publisher":{"@id":"https:\/\/ultimatescooterhiretenerife.com\/es\/#organization"},"potentialAction":[{"@type":"SearchAction","target":{"@type":"EntryPoint","urlTemplate":"https:\/\/ultimatescooterhiretenerife.com\/es\/?s={search_term_string}"},"query-input":{"@type":"PropertyValueSpecification","valueRequired":true,"valueName":"search_term_string"}}],"inLanguage":"es"},{"@type":"Organization","@id":"https:\/\/ultimatescooterhiretenerife.com\/es\/#organization","name":"Ultimate Scooter Hire Tenerife","url":"https:\/\/ultimatescooterhiretenerife.com\/es\/","logo":{"@type":"ImageObject","inLanguage":"es","@id":"https:\/\/ultimatescooterhiretenerife.com\/es\/#\/schema\/logo\/image\/","url":"https:\/\/ultimatescooterhiretenerife.com\/wp-content\/uploads\/2025\/11\/logo-scooter-white-green.png","contentUrl":"https:\/\/ultimatescooterhiretenerife.com\/wp-content\/uploads\/2025\/11\/logo-scooter-white-green.png","width":950,"height":759,"caption":"Ultimate Scooter Hire Tenerife"},"image":{"@id":"https:\/\/ultimatescooterhiretenerife.com\/es\/#\/schema\/logo\/image\/"}}]}},"_links":{"self":[{"href":"https:\/\/ultimatescooterhiretenerife.com\/es\/wp-json\/wp\/v2\/pages\/847","targetHints":{"allow":["GET"]}}],"collection":[{"href":"https:\/\/ultimatescooterhiretenerife.com\/es\/wp-json\/wp\/v2\/pages"}],"about":[{"href":"https:\/\/ultimatescooterhiretenerife.com\/es\/wp-json\/wp\/v2\/types\/page"}],"author":[{"embeddable":true,"href":"https:\/\/ultimatescooterhiretenerife.com\/es\/wp-json\/wp\/v2\/users\/1"}],"replies":[{"embeddable":true,"href":"https:\/\/ultimatescooterhiretenerife.com\/es\/wp-json\/wp\/v2\/comments?post=847"}],"version-history":[{"count":1,"href":"https:\/\/ultimatescooterhiretenerife.com\/es\/wp-json\/wp\/v2\/pages\/847\/revisions"}],"predecessor-version":[{"id":848,"href":"https:\/\/ultimatescooterhiretenerife.com\/es\/wp-json\/wp\/v2\/pages\/847\/revisions\/848"}],"wp:attachment":[{"href":"https:\/\/ultimatescooterhiretenerife.com\/es\/wp-json\/wp\/v2\/media?parent=847"}],"curies":[{"name":"wp","href":"https:\/\/api.w.org\/{rel}","templated":true}]}}